{"id":64,"date":"2022-03-29T12:35:41","date_gmt":"2022-03-29T10:35:41","guid":{"rendered":"http:\/\/tender-swartz.212-227-65-86.plesk.page\/autohaus-schmid\/?page_id=64"},"modified":"2024-09-11T11:34:51","modified_gmt":"2024-09-11T09:34:51","slug":"neuwagen","status":"publish","type":"page","link":"https:\/\/tender-swartz.212-227-65-86.plesk.page\/autohaus-schmid-waldkirch\/neuwagen\/","title":{"rendered":"Neuwagen"},"content":{"rendered":"<p>[et_pb_section fb_built=&#8220;1&#8243; custom_padding_last_edited=&#8220;on|phone&#8220; disabled_on=&#8220;off|off|off&#8220; _builder_version=&#8220;4.23.4&#8243; _module_preset=&#8220;default&#8220; use_background_color_gradient=&#8220;on&#8220; background_color_gradient_stops=&#8220;rgba(0,0,0,0.35) 0%|rgba(0,0,0,0.35) 99%&#8220; background_color_gradient_overlays_image=&#8220;on&#8220; background_image=&#8220;https:\/\/tender-swartz.212-227-65-86.plesk.page\/autohaus-schmid-waldkirch\/wp-content\/uploads\/sites\/3\/2022\/09\/FordFocusST_2019.jpg&#8220; custom_margin=&#8220;||||false|false&#8220; custom_padding=&#8220;20vh|30px|25vh|30px|false|false&#8220; custom_padding_tablet=&#8220;25vh||30vh||false|false&#8220; custom_padding_phone=&#8220;20vh|30px|15vh|30px|false|false&#8220; hover_enabled=&#8220;0&#8243; background_last_edited=&#8220;on|phone&#8220; background_image_phone=&#8220;https:\/\/tender-swartz.212-227-65-86.plesk.page\/autohaus-schmid-waldkirch\/wp-content\/uploads\/sites\/3\/2022\/12\/FordFocusST_2019-HD-1024x690_m.jpg&#8220; background_enable_image_phone=&#8220;on&#8220; background_position_phone=&#8220;center_right&#8220; background_horizontal_offset_phone=&#8220;25%&#8220; locked=&#8220;off&#8220; global_colors_info=&#8220;{}&#8220; title_text=&#8220;FordFocusST_2019-HD-1024x690_m&#8220; sticky_enabled=&#8220;0&#8243;][et_pb_row _builder_version=&#8220;4.23.4&#8243; _module_preset=&#8220;default&#8220; width_tablet=&#8220;&#8220; width_phone=&#8220;100%&#8220; width_last_edited=&#8220;on|phone&#8220; max_width=&#8220;1000px&#8220; max_width_tablet=&#8220;1000px&#8220; max_width_phone=&#8220;&#8220; max_width_last_edited=&#8220;on|desktop&#8220; global_colors_info=&#8220;{}&#8220;][et_pb_column type=&#8220;4_4&#8243; _builder_version=&#8220;4.23.4&#8243; _module_preset=&#8220;default&#8220; global_colors_info=&#8220;{}&#8220;][et_pb_text _builder_version=&#8220;4.23.4&#8243; _module_preset=&#8220;default&#8220; text_text_color=&#8220;#FFFFFF&#8220; header_text_color=&#8220;#FFFFFF&#8220; header_2_text_color=&#8220;#FFFFFF&#8220; header_3_text_color=&#8220;#FFFFFF&#8220; text_orientation=&#8220;center&#8220; hover_enabled=&#8220;0&#8243; global_colors_info=&#8220;{}&#8220; sticky_enabled=&#8220;0&#8243;]<\/p>\n<h3>Autohaus schmid Waldkirch<\/h3>\n<h1>Neuwagen<\/h1>\n<p>[\/et_pb_text][\/et_pb_column][\/et_pb_row][\/et_pb_section][et_pb_section fb_built=&#8220;1&#8243; custom_padding_last_edited=&#8220;on|phone&#8220; _builder_version=&#8220;4.23.4&#8243; _module_preset=&#8220;default&#8220; custom_padding=&#8220;50px||50px||false|false&#8220; custom_padding_tablet=&#8220;50px||50px||false|false&#8220; custom_padding_phone=&#8220;|30px||30px|false|false&#8220; global_colors_info=&#8220;{}&#8220;][et_pb_row column_structure=&#8220;1_2,1_2&#8243; _builder_version=&#8220;4.23.4&#8243; _module_preset=&#8220;default&#8220; width_tablet=&#8220;&#8220; width_phone=&#8220;100%&#8220; width_last_edited=&#8220;on|phone&#8220; custom_padding=&#8220;0px||0px||false|false&#8220; global_colors_info=&#8220;{}&#8220;][et_pb_column type=&#8220;1_2&#8243; _builder_version=&#8220;4.16&#8243; _module_preset=&#8220;default&#8220; global_colors_info=&#8220;{}&#8220;][et_pb_text _builder_version=&#8220;4.18.0&#8243; _module_preset=&#8220;default&#8220; text_font=&#8220;||||||||&#8220; header_2_font=&#8220;|700||on|||||&#8220; header_2_font_size=&#8220;30px&#8220; custom_padding=&#8220;||20px||false|false&#8220; global_colors_info=&#8220;{}&#8220;]<\/p>\n<h2>UNSERE NEUWAGEN<\/h2>\n<h3>VISION\u00c4R. WEGWEISEND. GENIAL.<\/h3>\n<p>[\/et_pb_text][et_pb_text _builder_version=&#8220;4.18.0&#8243; _module_preset=&#8220;default&#8220; text_font=&#8220;||||||||&#8220; header_2_font=&#8220;|700||on|||||&#8220; header_2_font_size=&#8220;30px&#8220; custom_margin=&#8220;||50px||false|false&#8220; global_colors_info=&#8220;{}&#8220;]<\/p>\n<p>Treffen Sie hier eine Auswahl unserer sofort verf\u00fcgbaren Neuwagen oder vereinbaren Sie eine Neuwagenberatung mit anschlie\u00dfender Probefahrt. Gerne konfigurieren wir gemeinsam Ihr individuelles Wunschfahrzeug.<\/p>\n<p><strong>Sie wollen Ihr Neufahrzeug selbst konfigurieren und mehr \u00fcber alle Ford-Fahrzeuge erfahren?<\/strong><\/p>\n<p>[\/et_pb_text][et_pb_button button_url=&#8220;https:\/\/www.ford-schmid-waldkirch.de&#8220; url_new_window=&#8220;on&#8220; button_text=&#8220;Direkt in unsere FORD Welt&#8220; button_alignment=&#8220;left&#8220; _builder_version=&#8220;4.18.0&#8243; _module_preset=&#8220;default&#8220; custom_button=&#8220;on&#8220; button_text_size=&#8220;16px&#8220; button_text_color=&#8220;#ffffff&#8220; button_bg_color=&#8220;#113E8F&#8220; button_border_width=&#8220;0px&#8220; button_border_radius=&#8220;0px&#8220; button_letter_spacing=&#8220;2px&#8220; button_font=&#8220;|600||on|||||&#8220; button_icon=&#8220;&#x39;||divi||400&#8243; button_icon_placement=&#8220;left&#8220; positioning=&#8220;relative&#8220; position_origin_a=&#8220;top_center&#8220; position_origin_r=&#8220;bottom_left&#8220; vertical_offset=&#8220;20px&#8220; position_origin_a_tablet=&#8220;bottom_left&#8220; position_origin_a_phone=&#8220;bottom_left&#8220; position_origin_a_last_edited=&#8220;on|tablet&#8220; position_origin_f_tablet=&#8220;&#8220; position_origin_f_phone=&#8220;&#8220; position_origin_f_last_edited=&#8220;on|tablet&#8220; position_origin_r_tablet=&#8220;bottom_left&#8220; position_origin_r_phone=&#8220;bottom_left&#8220; position_origin_r_last_edited=&#8220;on|tablet&#8220; background_layout=&#8220;dark&#8220; custom_margin=&#8220;||||false|false&#8220; custom_padding=&#8220;8px|20px|8px|20px|false|false&#8220; positioning_tablet=&#8220;none&#8220; positioning_phone=&#8220;none&#8220; positioning_last_edited=&#8220;on|tablet&#8220; locked=&#8220;off&#8220; global_colors_info=&#8220;{%22gcid-f5487b52-a326-4f62-8bf0-454a420b6ccc%22:%91%22button_bg_color%22%93}&#8220; custom_margin__hover_enabled=&#8220;off|desktop&#8220; custom_padding__hover_enabled=&#8220;on|hover&#8220; custom_padding__hover=&#8220;|||30px|false|false&#8220;][\/et_pb_button][\/et_pb_column][et_pb_column type=&#8220;1_2&#8243; _builder_version=&#8220;4.16&#8243; _module_preset=&#8220;default&#8220; global_colors_info=&#8220;{}&#8220;][et_pb_image src=&#8220;https:\/\/tender-swartz.212-227-65-86.plesk.page\/autohaus-schmid-waldkirch\/wp-content\/uploads\/sites\/3\/2022\/09\/waldkirch-ford-autohaus-schmid.jpg&#8220; title_text=&#8220;waldkirch-ford-autohaus-schmid&#8220; url=&#8220;https:\/\/www.ford-schmid-waldkirch.de&#8220; url_new_window=&#8220;on&#8220; align=&#8220;center&#8220; _builder_version=&#8220;4.23.4&#8243; _module_preset=&#8220;default&#8220; width_tablet=&#8220;50%&#8220; width_phone=&#8220;100%&#8220; width_last_edited=&#8220;on|desktop&#8220; module_alignment=&#8220;center&#8220; custom_margin=&#8220;|||-49px||&#8220; global_colors_info=&#8220;{}&#8220;][\/et_pb_image][\/et_pb_column][\/et_pb_row][\/et_pb_section][et_pb_section fb_built=&#8220;1&#8243; custom_padding_last_edited=&#8220;on|phone&#8220; _builder_version=&#8220;4.23.4&#8243; _module_preset=&#8220;default&#8220; background_color=&#8220;#f9f9f9&#8243; custom_padding=&#8220;50px||50px||false|false&#8220; custom_padding_tablet=&#8220;50px||50px||false|false&#8220; custom_padding_phone=&#8220;|30px||30px|false|false&#8220; global_colors_info=&#8220;{}&#8220;][et_pb_row _builder_version=&#8220;4.23.4&#8243; _module_preset=&#8220;default&#8220; width_tablet=&#8220;&#8220; width_phone=&#8220;100%&#8220; width_last_edited=&#8220;on|phone&#8220; custom_margin=&#8220;||0px||false|false&#8220; custom_padding=&#8220;0px||0px||false|false&#8220; global_colors_info=&#8220;{}&#8220;][et_pb_column type=&#8220;4_4&#8243; _builder_version=&#8220;4.16&#8243; _module_preset=&#8220;default&#8220; global_colors_info=&#8220;{}&#8220;][et_pb_text _builder_version=&#8220;4.23.4&#8243; _module_preset=&#8220;default&#8220; text_font=&#8220;||||||||&#8220; header_2_font=&#8220;|700||on|||||&#8220; header_2_font_size=&#8220;30px&#8220; custom_padding=&#8220;||||false|false&#8220; global_colors_info=&#8220;{}&#8220;]<\/p>\n<h2>SOFORT VERF\u00dcGBAR<\/h2>\n<h3>ALLE NEUWAGEN AUF EINEN BLICK<\/h3>\n<p>[\/et_pb_text][\/et_pb_column][\/et_pb_row][et_pb_row custom_padding_last_edited=&#8220;on|phone&#8220; _builder_version=&#8220;4.23.4&#8243; _module_preset=&#8220;default&#8220; width_tablet=&#8220;&#8220; width_phone=&#8220;100%&#8220; width_last_edited=&#8220;on|phone&#8220; custom_padding=&#8220;||0px||false|false&#8220; custom_padding_tablet=&#8220;||0px||false|false&#8220; custom_padding_phone=&#8220;30px||0px||false|false&#8220; global_colors_info=&#8220;{}&#8220;][et_pb_column type=&#8220;4_4&#8243; _builder_version=&#8220;4.16&#8243; _module_preset=&#8220;default&#8220; global_colors_info=&#8220;{}&#8220;][et_pb_text disabled_on=&#8220;off|off|off&#8220; _builder_version=&#8220;4.23.4&#8243; _module_preset=&#8220;default&#8220; custom_padding=&#8220;0px||0px||true|false&#8220; global_colors_info=&#8220;{}&#8220;]<\/p>\n\n<div id=\"app\">\n<\/div>\n<script>\n    document.addEventListener('DOMContentLoaded', function() {\n        if (window.MobileComponent) {\n            \/\/ Initialisieren der Vue-Komponente\n            const app = window.MobileComponent.createMyComponentApp({\n                el: '#app',\n                apiSrc: 'https:\/\/tender-swartz.212-227-65-86.plesk.page\/autohaus-schmid-waldkirch\/wp-json\/mobilede\/v1\/cars',\n                conditions: 'NEW',\n                excludeCars: '',\n                priceOrder: '',\n            });\n            app.mount('#app');\n        } else {\n            console.error('MobileComponent ist nicht definiert.');\n        }\n    });\n<\/script>\n<p>[\/et_pb_text][\/et_pb_column][\/et_pb_row][\/et_pb_section][et_pb_section fb_built=&#8220;1&#8243; custom_padding_last_edited=&#8220;on|phone&#8220; admin_label=&#8220;Footer&#8220; _builder_version=&#8220;4.23.4&#8243; _module_preset=&#8220;default&#8220; background_color=&#8220;#113e8f&#8220; custom_padding=&#8220;18px||18px|||&#8220; custom_padding_tablet=&#8220;18px||18px|||&#8220; custom_padding_phone=&#8220;50px|30px|50px|30px|false|false&#8220; global_module=&#8220;842&#8243; saved_tabs=&#8220;all&#8220; collapsed=&#8220;on&#8220; global_colors_info=&#8220;{}&#8220;][et_pb_row column_structure=&#8220;1_2,1_2&#8243; custom_padding_last_edited=&#8220;on|phone&#8220; _builder_version=&#8220;4.23.4&#8243; _module_preset=&#8220;default&#8220; width_tablet=&#8220;&#8220; width_phone=&#8220;100%&#8220; width_last_edited=&#8220;on|phone&#8220; custom_padding=&#8220;40px||40px||false|false&#8220; custom_padding_tablet=&#8220;&#8220; custom_padding_phone=&#8220;0px|0px|0px|0px|false|false&#8220; global_colors_info=&#8220;{}&#8220;][et_pb_column type=&#8220;1_2&#8243; _builder_version=&#8220;4.16&#8243; _module_preset=&#8220;default&#8220; global_colors_info=&#8220;{}&#8220;][et_pb_text admin_label=&#8220;Text&#8220; _builder_version=&#8220;4.19.0&#8243; _module_preset=&#8220;default&#8220; text_font=&#8220;|||on|||||&#8220; text_text_color=&#8220;#FFFFFF&#8220; text_letter_spacing=&#8220;2px&#8220; header_2_text_color=&#8220;#FFFFFF&#8220; header_3_text_color=&#8220;#FFFFFF&#8220; global_colors_info=&#8220;{}&#8220;]<\/p>\n<h2>Sie haben Fragen?<\/h2>\n<h3>DIE GR\u00dcNE FLOTTE IST F\u00dcR SIE DA.<\/h3>\n<p>[\/et_pb_text][\/et_pb_column][et_pb_column type=&#8220;1_2&#8243; _builder_version=&#8220;4.19.0&#8243; _module_preset=&#8220;default&#8220; custom_padding=&#8220;10px||||false|false&#8220; global_colors_info=&#8220;{}&#8220;][et_pb_blurb title=&#8220;07681 474 008-0&#8243; use_icon=&#8220;on&#8220; font_icon=&#8220;&#xf879;||fa||900&#8243; icon_color=&#8220;#FFFFFF&#8220; icon_placement=&#8220;left&#8220; image_icon_width=&#8220;20px&#8220; _builder_version=&#8220;4.19.0&#8243; _module_preset=&#8220;default&#8220; header_font=&#8220;|700|||||||&#8220; header_text_color=&#8220;#FFFFFF&#8220; global_colors_info=&#8220;{}&#8220;][\/et_pb_blurb][et_pb_blurb title=&#8220;info@autohaus-schmid.de&#8220; use_icon=&#8220;on&#8220; font_icon=&#8220;&#xf0e0;||fa||900&#8243; icon_color=&#8220;#FFFFFF&#8220; icon_placement=&#8220;left&#8220; image_icon_width=&#8220;20px&#8220; _builder_version=&#8220;4.19.0&#8243; _module_preset=&#8220;default&#8220; header_font=&#8220;|700|||||||&#8220; header_text_color=&#8220;#FFFFFF&#8220; global_colors_info=&#8220;{}&#8220;][\/et_pb_blurb][\/et_pb_column][\/et_pb_row][\/et_pb_section]<\/p>\n","protected":false},"excerpt":{"rendered":"<p>Autohaus schmid Waldkirch NeuwagenUNSERE NEUWAGEN VISION\u00c4R. WEGWEISEND. GENIAL.Treffen Sie hier eine Auswahl unserer sofort verf\u00fcgbaren Neuwagen oder vereinbaren Sie eine Neuwagenberatung mit anschlie\u00dfender Probefahrt. Gerne konfigurieren wir gemeinsam Ihr individuelles Wunschfahrzeug. Sie wollen Ihr Neufahrzeug selbst konfigurieren und mehr \u00fcber alle Ford-Fahrzeuge erfahren?SOFORT VERF\u00dcGBAR ALLE NEUWAGEN AUF EINEN BLICK\n<div id=\"app\">\n<\/div>\n<script>\n    document.addEventListener('DOMContentLoaded', function() {\n        if (window.MobileComponent) {\n            \/\/ Initialisieren der Vue-Komponente\n            const app = window.MobileComponent.createMyComponentApp({\n                el: '#app',\n                apiSrc: 'https:\/\/tender-swartz.212-227-65-86.plesk.page\/autohaus-schmid-waldkirch\/wp-json\/mobilede\/v1\/cars',\n                conditions: 'NEW',\n                excludeCars: '',\n                priceOrder: '',\n            });\n            app.mount('#app');\n        } else {\n            console.error('MobileComponent ist nicht definiert.');\n        }\n    });\n<\/script>Sie haben Fragen? DIE GR\u00dcNE FLOTTE [&hellip;]<\/p>\n","protected":false},"author":1,"featured_media":0,"parent":0,"menu_order":2,"comment_status":"closed","ping_status":"closed","template":"","meta":{"_acf_changed":false,"_et_pb_use_builder":"on","_et_pb_old_content":"","_et_gb_content_width":"","inline_featured_image":false,"footnotes":""},"class_list":["post-64","page","type-page","status-publish","hentry"],"acf":[],"yoast_head":"<!-- This site is optimized with the Yoast SEO plugin v26.9 - https:\/\/yoast.com\/product\/yoast-seo-wordpress\/ -->\n<title>Neuwagen - Autohaus Schmid Waldkirch<\/title>\n<meta name=\"robots\" content=\"index, follow, max-snippet:-1, max-image-preview:large, max-video-preview:-1\" \/>\n<link rel=\"canonical\" href=\"https:\/\/tender-swartz.212-227-65-86.plesk.page\/autohaus-schmid-waldkirch\/neuwagen\/\" \/>\n<meta property=\"og:locale\" content=\"de_DE\" \/>\n<meta property=\"og:type\" content=\"article\" \/>\n<meta property=\"og:title\" content=\"Neuwagen - Autohaus Schmid Waldkirch\" \/>\n<meta property=\"og:description\" content=\"Autohaus schmid Waldkirch NeuwagenUNSERE NEUWAGEN VISION\u00c4R. WEGWEISEND. GENIAL.Treffen Sie hier eine Auswahl unserer sofort verf\u00fcgbaren Neuwagen oder vereinbaren Sie eine Neuwagenberatung mit anschlie\u00dfender Probefahrt. Gerne konfigurieren wir gemeinsam Ihr individuelles Wunschfahrzeug. Sie wollen Ihr Neufahrzeug selbst konfigurieren und mehr \u00fcber alle Ford-Fahrzeuge erfahren?SOFORT VERF\u00dcGBAR ALLE NEUWAGEN AUF EINEN BLICKSie haben Fragen? DIE GR\u00dcNE FLOTTE [&hellip;]\" \/>\n<meta property=\"og:url\" content=\"https:\/\/tender-swartz.212-227-65-86.plesk.page\/autohaus-schmid-waldkirch\/neuwagen\/\" \/>\n<meta property=\"og:site_name\" content=\"Autohaus Schmid Waldkirch\" \/>\n<meta property=\"article:modified_time\" content=\"2024-09-11T09:34:51+00:00\" \/>\n<meta name=\"twitter:card\" content=\"summary_large_image\" \/>\n<meta name=\"twitter:label1\" content=\"Gesch\u00e4tzte Lesezeit\" \/>\n\t<meta name=\"twitter:data1\" content=\"1\u00a0Minute\" \/>\n<script type=\"application\/ld+json\" class=\"yoast-schema-graph\">{\"@context\":\"https:\/\/schema.org\",\"@graph\":[{\"@type\":\"WebPage\",\"@id\":\"https:\/\/tender-swartz.212-227-65-86.plesk.page\/autohaus-schmid-waldkirch\/neuwagen\/\",\"url\":\"https:\/\/tender-swartz.212-227-65-86.plesk.page\/autohaus-schmid-waldkirch\/neuwagen\/\",\"name\":\"Neuwagen - Autohaus Schmid Waldkirch\",\"isPartOf\":{\"@id\":\"https:\/\/tender-swartz.212-227-65-86.plesk.page\/autohaus-schmid-waldkirch\/#website\"},\"datePublished\":\"2022-03-29T10:35:41+00:00\",\"dateModified\":\"2024-09-11T09:34:51+00:00\",\"breadcrumb\":{\"@id\":\"https:\/\/tender-swartz.212-227-65-86.plesk.page\/autohaus-schmid-waldkirch\/neuwagen\/#breadcrumb\"},\"inLanguage\":\"de\",\"potentialAction\":[{\"@type\":\"ReadAction\",\"target\":[\"https:\/\/tender-swartz.212-227-65-86.plesk.page\/autohaus-schmid-waldkirch\/neuwagen\/\"]}]},{\"@type\":\"BreadcrumbList\",\"@id\":\"https:\/\/tender-swartz.212-227-65-86.plesk.page\/autohaus-schmid-waldkirch\/neuwagen\/#breadcrumb\",\"itemListElement\":[{\"@type\":\"ListItem\",\"position\":1,\"name\":\"Startseite\",\"item\":\"https:\/\/tender-swartz.212-227-65-86.plesk.page\/autohaus-schmid-waldkirch\/\"},{\"@type\":\"ListItem\",\"position\":2,\"name\":\"Neuwagen\"}]},{\"@type\":\"WebSite\",\"@id\":\"https:\/\/tender-swartz.212-227-65-86.plesk.page\/autohaus-schmid-waldkirch\/#website\",\"url\":\"https:\/\/tender-swartz.212-227-65-86.plesk.page\/autohaus-schmid-waldkirch\/\",\"name\":\"Autohaus Schmid Waldkirch\",\"description\":\"Ford. Neuwagen. Gebrauchtwagen.\",\"publisher\":{\"@id\":\"https:\/\/tender-swartz.212-227-65-86.plesk.page\/autohaus-schmid-waldkirch\/#organization\"},\"potentialAction\":[{\"@type\":\"SearchAction\",\"target\":{\"@type\":\"EntryPoint\",\"urlTemplate\":\"https:\/\/tender-swartz.212-227-65-86.plesk.page\/autohaus-schmid-waldkirch\/?s={search_term_string}\"},\"query-input\":{\"@type\":\"PropertyValueSpecification\",\"valueRequired\":true,\"valueName\":\"search_term_string\"}}],\"inLanguage\":\"de\"},{\"@type\":\"Organization\",\"@id\":\"https:\/\/tender-swartz.212-227-65-86.plesk.page\/autohaus-schmid-waldkirch\/#organization\",\"name\":\"Autohaus Schmid Waldkirch\",\"url\":\"https:\/\/tender-swartz.212-227-65-86.plesk.page\/autohaus-schmid-waldkirch\/\",\"logo\":{\"@type\":\"ImageObject\",\"inLanguage\":\"de\",\"@id\":\"https:\/\/tender-swartz.212-227-65-86.plesk.page\/autohaus-schmid-waldkirch\/#\/schema\/logo\/image\/\",\"url\":\"https:\/\/tender-swartz.212-227-65-86.plesk.page\/autohaus-schmid-waldkirch\/wp-content\/uploads\/sites\/3\/2022\/07\/DJI_0162.webp\",\"contentUrl\":\"https:\/\/tender-swartz.212-227-65-86.plesk.page\/autohaus-schmid-waldkirch\/wp-content\/uploads\/sites\/3\/2022\/07\/DJI_0162.webp\",\"width\":1920,\"height\":1080,\"caption\":\"Autohaus Schmid Waldkirch\"},\"image\":{\"@id\":\"https:\/\/tender-swartz.212-227-65-86.plesk.page\/autohaus-schmid-waldkirch\/#\/schema\/logo\/image\/\"}}]}<\/script>\n<!-- \/ Yoast SEO plugin. -->","yoast_head_json":{"title":"Neuwagen - Autohaus Schmid Waldkirch","robots":{"index":"index","follow":"follow","max-snippet":"max-snippet:-1","max-image-preview":"max-image-preview:large","max-video-preview":"max-video-preview:-1"},"canonical":"https:\/\/tender-swartz.212-227-65-86.plesk.page\/autohaus-schmid-waldkirch\/neuwagen\/","og_locale":"de_DE","og_type":"article","og_title":"Neuwagen - Autohaus Schmid Waldkirch","og_description":"Autohaus schmid Waldkirch NeuwagenUNSERE NEUWAGEN VISION\u00c4R. WEGWEISEND. GENIAL.Treffen Sie hier eine Auswahl unserer sofort verf\u00fcgbaren Neuwagen oder vereinbaren Sie eine Neuwagenberatung mit anschlie\u00dfender Probefahrt. Gerne konfigurieren wir gemeinsam Ihr individuelles Wunschfahrzeug. Sie wollen Ihr Neufahrzeug selbst konfigurieren und mehr \u00fcber alle Ford-Fahrzeuge erfahren?SOFORT VERF\u00dcGBAR ALLE NEUWAGEN AUF EINEN BLICKSie haben Fragen? DIE GR\u00dcNE FLOTTE [&hellip;]","og_url":"https:\/\/tender-swartz.212-227-65-86.plesk.page\/autohaus-schmid-waldkirch\/neuwagen\/","og_site_name":"Autohaus Schmid Waldkirch","article_modified_time":"2024-09-11T09:34:51+00:00","twitter_card":"summary_large_image","twitter_misc":{"Gesch\u00e4tzte Lesezeit":"1\u00a0Minute"},"schema":{"@context":"https:\/\/schema.org","@graph":[{"@type":"WebPage","@id":"https:\/\/tender-swartz.212-227-65-86.plesk.page\/autohaus-schmid-waldkirch\/neuwagen\/","url":"https:\/\/tender-swartz.212-227-65-86.plesk.page\/autohaus-schmid-waldkirch\/neuwagen\/","name":"Neuwagen - Autohaus Schmid Waldkirch","isPartOf":{"@id":"https:\/\/tender-swartz.212-227-65-86.plesk.page\/autohaus-schmid-waldkirch\/#website"},"datePublished":"2022-03-29T10:35:41+00:00","dateModified":"2024-09-11T09:34:51+00:00","breadcrumb":{"@id":"https:\/\/tender-swartz.212-227-65-86.plesk.page\/autohaus-schmid-waldkirch\/neuwagen\/#breadcrumb"},"inLanguage":"de","potentialAction":[{"@type":"ReadAction","target":["https:\/\/tender-swartz.212-227-65-86.plesk.page\/autohaus-schmid-waldkirch\/neuwagen\/"]}]},{"@type":"BreadcrumbList","@id":"https:\/\/tender-swartz.212-227-65-86.plesk.page\/autohaus-schmid-waldkirch\/neuwagen\/#breadcrumb","itemListElement":[{"@type":"ListItem","position":1,"name":"Startseite","item":"https:\/\/tender-swartz.212-227-65-86.plesk.page\/autohaus-schmid-waldkirch\/"},{"@type":"ListItem","position":2,"name":"Neuwagen"}]},{"@type":"WebSite","@id":"https:\/\/tender-swartz.212-227-65-86.plesk.page\/autohaus-schmid-waldkirch\/#website","url":"https:\/\/tender-swartz.212-227-65-86.plesk.page\/autohaus-schmid-waldkirch\/","name":"Autohaus Schmid Waldkirch","description":"Ford. Neuwagen. Gebrauchtwagen.","publisher":{"@id":"https:\/\/tender-swartz.212-227-65-86.plesk.page\/autohaus-schmid-waldkirch\/#organization"},"potentialAction":[{"@type":"SearchAction","target":{"@type":"EntryPoint","urlTemplate":"https:\/\/tender-swartz.212-227-65-86.plesk.page\/autohaus-schmid-waldkirch\/?s={search_term_string}"},"query-input":{"@type":"PropertyValueSpecification","valueRequired":true,"valueName":"search_term_string"}}],"inLanguage":"de"},{"@type":"Organization","@id":"https:\/\/tender-swartz.212-227-65-86.plesk.page\/autohaus-schmid-waldkirch\/#organization","name":"Autohaus Schmid Waldkirch","url":"https:\/\/tender-swartz.212-227-65-86.plesk.page\/autohaus-schmid-waldkirch\/","logo":{"@type":"ImageObject","inLanguage":"de","@id":"https:\/\/tender-swartz.212-227-65-86.plesk.page\/autohaus-schmid-waldkirch\/#\/schema\/logo\/image\/","url":"https:\/\/tender-swartz.212-227-65-86.plesk.page\/autohaus-schmid-waldkirch\/wp-content\/uploads\/sites\/3\/2022\/07\/DJI_0162.webp","contentUrl":"https:\/\/tender-swartz.212-227-65-86.plesk.page\/autohaus-schmid-waldkirch\/wp-content\/uploads\/sites\/3\/2022\/07\/DJI_0162.webp","width":1920,"height":1080,"caption":"Autohaus Schmid Waldkirch"},"image":{"@id":"https:\/\/tender-swartz.212-227-65-86.plesk.page\/autohaus-schmid-waldkirch\/#\/schema\/logo\/image\/"}}]}},"_links":{"self":[{"href":"https:\/\/tender-swartz.212-227-65-86.plesk.page\/autohaus-schmid-waldkirch\/wp-json\/wp\/v2\/pages\/64","targetHints":{"allow":["GET"]}}],"collection":[{"href":"https:\/\/tender-swartz.212-227-65-86.plesk.page\/autohaus-schmid-waldkirch\/wp-json\/wp\/v2\/pages"}],"about":[{"href":"https:\/\/tender-swartz.212-227-65-86.plesk.page\/autohaus-schmid-waldkirch\/wp-json\/wp\/v2\/types\/page"}],"author":[{"embeddable":true,"href":"https:\/\/tender-swartz.212-227-65-86.plesk.page\/autohaus-schmid-waldkirch\/wp-json\/wp\/v2\/users\/1"}],"replies":[{"embeddable":true,"href":"https:\/\/tender-swartz.212-227-65-86.plesk.page\/autohaus-schmid-waldkirch\/wp-json\/wp\/v2\/comments?post=64"}],"version-history":[{"count":48,"href":"https:\/\/tender-swartz.212-227-65-86.plesk.page\/autohaus-schmid-waldkirch\/wp-json\/wp\/v2\/pages\/64\/revisions"}],"predecessor-version":[{"id":1038,"href":"https:\/\/tender-swartz.212-227-65-86.plesk.page\/autohaus-schmid-waldkirch\/wp-json\/wp\/v2\/pages\/64\/revisions\/1038"}],"wp:attachment":[{"href":"https:\/\/tender-swartz.212-227-65-86.plesk.page\/autohaus-schmid-waldkirch\/wp-json\/wp\/v2\/media?parent=64"}],"curies":[{"name":"wp","href":"https:\/\/api.w.org\/{rel}","templated":true}]}}