{"id":2510,"date":"2022-07-15T08:02:46","date_gmt":"2022-07-15T06:02:46","guid":{"rendered":"https:\/\/tender-swartz.212-227-65-86.plesk.page\/carsharing\/?page_id=2510"},"modified":"2023-07-24T16:31:32","modified_gmt":"2023-07-24T14:31:32","slug":"gutschein-shop","status":"publish","type":"page","link":"https:\/\/tender-swartz.212-227-65-86.plesk.page\/carsharing\/gutschein-shop\/","title":{"rendered":"Gutschein Shop"},"content":{"rendered":"<p>[et_pb_section fb_built=&#8220;1&#8243; _builder_version=&#8220;4.17.4&#8243; _module_preset=&#8220;default&#8220; custom_margin=&#8220;70px||||false|false&#8220; custom_padding=&#8220;||30px|||&#8220; global_colors_info=&#8220;{}&#8220;][et_pb_row _builder_version=&#8220;4.17.4&#8243; _module_preset=&#8220;default&#8220; global_colors_info=&#8220;{}&#8220;][et_pb_column type=&#8220;4_4&#8243; _builder_version=&#8220;4.17.4&#8243; _module_preset=&#8220;default&#8220; global_colors_info=&#8220;{}&#8220;][et_pb_text _builder_version=&#8220;4.17.4&#8243; _module_preset=&#8220;default&#8220; global_colors_info=&#8220;{}&#8220;]<\/p>\n<h1>Gutscheine<\/h1>\n<h3>der Gr\u00fcnen Flotte<\/h3>\n<p>[\/et_pb_text][\/et_pb_column][\/et_pb_row][\/et_pb_section][et_pb_section fb_built=&#8220;1&#8243; _builder_version=&#8220;4.17.4&#8243; _module_preset=&#8220;default&#8220; background_color=&#8220;#f8f8f8&#8243; global_colors_info=&#8220;{}&#8220;][et_pb_row _builder_version=&#8220;4.17.4&#8243; _module_preset=&#8220;default&#8220; global_colors_info=&#8220;{}&#8220;][et_pb_column type=&#8220;4_4&#8243; _builder_version=&#8220;4.17.4&#8243; _module_preset=&#8220;default&#8220; global_colors_info=&#8220;{}&#8220;][et_pb_shop posts_number=&#8220;4&#8243; columns_number=&#8220;4&#8243; orderby=&#8220;price&#8220; icon_hover_color=&#8220;#82ba26&#8243; show_rating=&#8220;off&#8220; show_sale_badge=&#8220;off&#8220; _builder_version=&#8220;4.19.0&#8243; _module_preset=&#8220;default&#8220; title_font=&#8220;|800|||||||&#8220; title_font_size=&#8220;30px&#8220; price_font=&#8220;|700|||||||&#8220; price_text_color=&#8220;#82ba26&#8243; price_font_size=&#8220;25px&#8220; hover_enabled=&#8220;0&#8243; global_colors_info=&#8220;{}&#8220; sticky_enabled=&#8220;0&#8243;][\/et_pb_shop][\/et_pb_column][\/et_pb_row][\/et_pb_section][et_pb_section fb_built=&#8220;1&#8243; disabled_on=&#8220;off|off|off&#8220; admin_label=&#8220;Carsharing App CTA&#8220; _builder_version=&#8220;4.17.4&#8243; _module_preset=&#8220;default&#8220; background_color=&#8220;#82BA26&#8243; custom_margin=&#8220;0px||||false|false&#8220; custom_padding=&#8220;20px||20px||false|false&#8220; global_module=&#8220;1619&#8243; saved_tabs=&#8220;all&#8220; locked=&#8220;off&#8220; collapsed=&#8220;off&#8220; global_colors_info=&#8220;{}&#8220;][et_pb_row custom_padding_last_edited=&#8220;on|phone&#8220; _builder_version=&#8220;4.19.0&#8243; _module_preset=&#8220;default&#8220; background_color=&#8220;#82BA26&#8243; custom_padding=&#8220;20px|20px|20px|30px|false|false&#8220; custom_padding_tablet=&#8220;20px|20px|0px|30px|false|false&#8220; custom_padding_phone=&#8220;20px|0px|20px|0px|false|false&#8220; collapsed=&#8220;off&#8220; global_colors_info=&#8220;{}&#8220;][et_pb_column type=&#8220;4_4&#8243; _builder_version=&#8220;4.16&#8243; _module_preset=&#8220;default&#8220; global_colors_info=&#8220;{}&#8220;][et_pb_text _builder_version=&#8220;4.19.0&#8243; _module_preset=&#8220;default&#8220; header_text_color=&#8220;#ffffff&#8220; header_line_height=&#8220;1.3em&#8220; header_2_text_color=&#8220;#ffffff&#8220; header_3_text_color=&#8220;#ffffff&#8220; custom_margin_tablet=&#8220;&#8220; custom_margin_phone=&#8220;|0px|-10px||false|false&#8220; custom_margin_last_edited=&#8220;on|phone&#8220; header_2_text_align_tablet=&#8220;center&#8220; header_2_text_align_phone=&#8220;center&#8220; header_2_text_align_last_edited=&#8220;on|tablet&#8220; header_2_line_height_tablet=&#8220;&#8220; header_2_line_height_phone=&#8220;1.2em&#8220; header_2_line_height_last_edited=&#8220;on|phone&#8220; header_3_text_align_tablet=&#8220;center&#8220; header_3_text_align_phone=&#8220;center&#8220; header_3_text_align_last_edited=&#8220;on|tablet&#8220; header_3_line_height_tablet=&#8220;&#8220; header_3_line_height_phone=&#8220;1.4em&#8220; header_3_line_height_last_edited=&#8220;on|phone&#8220; global_colors_info=&#8220;{}&#8220;]<\/p>\n<h2 style=\"text-align: left;\">Einfach. Mobil. Flexibel.<\/h2>\n<h3 style=\"text-align: left;\">Gr\u00fcne Flotte Carsharing im Umkreis Freiburg, Bonn &amp; Siegburg.<\/h3>\n<p>[\/et_pb_text][\/et_pb_column][\/et_pb_row][\/et_pb_section]<\/p>\n","protected":false},"excerpt":{"rendered":"<p>Gutscheine der Gr\u00fcnen FlotteEinfach. Mobil. Flexibel. Gr\u00fcne Flotte Carsharing im Umkreis Freiburg, Bonn &amp; Siegburg.<\/p>\n","protected":false},"author":1,"featured_media":0,"parent":0,"menu_order":5,"comment_status":"closed","ping_status":"closed","template":"","meta":{"_acf_changed":false,"_et_pb_use_builder":"on","_et_pb_old_content":"","_et_gb_content_width":"","inline_featured_image":false,"footnotes":""},"class_list":["post-2510","page","type-page","status-publish","hentry"],"acf":[],"yoast_head":"<!-- This site is optimized with the Yoast SEO plugin v26.9 - https:\/\/yoast.com\/product\/yoast-seo-wordpress\/ -->\n<title>Gutschein Shop - Gr\u00fcne Flotte Carsharing<\/title>\n<meta name=\"robots\" content=\"index, follow, max-snippet:-1, max-image-preview:large, max-video-preview:-1\" \/>\n<link rel=\"canonical\" href=\"https:\/\/tender-swartz.212-227-65-86.plesk.page\/carsharing\/gutschein-shop\/\" \/>\n<meta property=\"og:locale\" content=\"de_DE\" \/>\n<meta property=\"og:type\" content=\"article\" \/>\n<meta property=\"og:title\" content=\"Gutschein Shop - Gr\u00fcne Flotte Carsharing\" \/>\n<meta property=\"og:description\" content=\"Gutscheine der Gr\u00fcnen FlotteEinfach. Mobil. Flexibel. Gr\u00fcne Flotte Carsharing im Umkreis Freiburg, Bonn &amp; Siegburg.\" \/>\n<meta property=\"og:url\" content=\"https:\/\/tender-swartz.212-227-65-86.plesk.page\/carsharing\/gutschein-shop\/\" \/>\n<meta property=\"og:site_name\" content=\"Gr\u00fcne Flotte Carsharing\" \/>\n<meta property=\"article:modified_time\" content=\"2023-07-24T14:31:32+00:00\" \/>\n<meta property=\"og:image\" content=\"https:\/\/tender-swartz.212-227-65-86.plesk.page\/carsharing\/wp-content\/uploads\/sites\/5\/2022\/05\/gruene-flotte-image.jpg\" \/>\n\t<meta property=\"og:image:width\" content=\"1440\" \/>\n\t<meta property=\"og:image:height\" content=\"1080\" \/>\n\t<meta property=\"og:image:type\" content=\"image\/jpeg\" \/>\n<meta name=\"twitter:card\" content=\"summary_large_image\" \/>\n<meta name=\"twitter:label1\" content=\"Gesch\u00e4tzte Lesezeit\" \/>\n\t<meta name=\"twitter:data1\" content=\"2\u00a0Minuten\" \/>\n<script type=\"application\/ld+json\" class=\"yoast-schema-graph\">{\"@context\":\"https:\/\/schema.org\",\"@graph\":[{\"@type\":\"WebPage\",\"@id\":\"https:\/\/tender-swartz.212-227-65-86.plesk.page\/carsharing\/gutschein-shop\/\",\"url\":\"https:\/\/tender-swartz.212-227-65-86.plesk.page\/carsharing\/gutschein-shop\/\",\"name\":\"Gutschein Shop - Gr\u00fcne Flotte Carsharing\",\"isPartOf\":{\"@id\":\"https:\/\/tender-swartz.212-227-65-86.plesk.page\/carsharing\/#website\"},\"datePublished\":\"2022-07-15T06:02:46+00:00\",\"dateModified\":\"2023-07-24T14:31:32+00:00\",\"breadcrumb\":{\"@id\":\"https:\/\/tender-swartz.212-227-65-86.plesk.page\/carsharing\/gutschein-shop\/#breadcrumb\"},\"inLanguage\":\"de\",\"potentialAction\":[{\"@type\":\"ReadAction\",\"target\":[\"https:\/\/tender-swartz.212-227-65-86.plesk.page\/carsharing\/gutschein-shop\/\"]}]},{\"@type\":\"BreadcrumbList\",\"@id\":\"https:\/\/tender-swartz.212-227-65-86.plesk.page\/carsharing\/gutschein-shop\/#breadcrumb\",\"itemListElement\":[{\"@type\":\"ListItem\",\"position\":1,\"name\":\"Startseite\",\"item\":\"https:\/\/tender-swartz.212-227-65-86.plesk.page\/carsharing\/\"},{\"@type\":\"ListItem\",\"position\":2,\"name\":\"Gutschein Shop\"}]},{\"@type\":\"WebSite\",\"@id\":\"https:\/\/tender-swartz.212-227-65-86.plesk.page\/carsharing\/#website\",\"url\":\"https:\/\/tender-swartz.212-227-65-86.plesk.page\/carsharing\/\",\"name\":\"Gr\u00fcne Flotte Carsharing\",\"description\":\"Flexibel. Nachhaltig. Mobil.\",\"publisher\":{\"@id\":\"https:\/\/tender-swartz.212-227-65-86.plesk.page\/carsharing\/#organization\"},\"potentialAction\":[{\"@type\":\"SearchAction\",\"target\":{\"@type\":\"EntryPoint\",\"urlTemplate\":\"https:\/\/tender-swartz.212-227-65-86.plesk.page\/carsharing\/?s={search_term_string}\"},\"query-input\":{\"@type\":\"PropertyValueSpecification\",\"valueRequired\":true,\"valueName\":\"search_term_string\"}}],\"inLanguage\":\"de\"},{\"@type\":\"Organization\",\"@id\":\"https:\/\/tender-swartz.212-227-65-86.plesk.page\/carsharing\/#organization\",\"name\":\"Gr\u00fcne Flotte Carsharing\",\"url\":\"https:\/\/tender-swartz.212-227-65-86.plesk.page\/carsharing\/\",\"logo\":{\"@type\":\"ImageObject\",\"inLanguage\":\"de\",\"@id\":\"https:\/\/tender-swartz.212-227-65-86.plesk.page\/carsharing\/#\/schema\/logo\/image\/\",\"url\":\"https:\/\/tender-swartz.212-227-65-86.plesk.page\/carsharing\/wp-content\/uploads\/sites\/5\/2023\/08\/carsharing-gruene-flotte-unternehmen-firmen.jpg\",\"contentUrl\":\"https:\/\/tender-swartz.212-227-65-86.plesk.page\/carsharing\/wp-content\/uploads\/sites\/5\/2023\/08\/carsharing-gruene-flotte-unternehmen-firmen.jpg\",\"width\":1920,\"height\":1280,\"caption\":\"Gr\u00fcne Flotte Carsharing\"},\"image\":{\"@id\":\"https:\/\/tender-swartz.212-227-65-86.plesk.page\/carsharing\/#\/schema\/logo\/image\/\"}}]}<\/script>\n<!-- \/ Yoast SEO plugin. -->","yoast_head_json":{"title":"Gutschein Shop - Gr\u00fcne Flotte Carsharing","robots":{"index":"index","follow":"follow","max-snippet":"max-snippet:-1","max-image-preview":"max-image-preview:large","max-video-preview":"max-video-preview:-1"},"canonical":"https:\/\/tender-swartz.212-227-65-86.plesk.page\/carsharing\/gutschein-shop\/","og_locale":"de_DE","og_type":"article","og_title":"Gutschein Shop - Gr\u00fcne Flotte Carsharing","og_description":"Gutscheine der Gr\u00fcnen FlotteEinfach. Mobil. Flexibel. Gr\u00fcne Flotte Carsharing im Umkreis Freiburg, Bonn &amp; Siegburg.","og_url":"https:\/\/tender-swartz.212-227-65-86.plesk.page\/carsharing\/gutschein-shop\/","og_site_name":"Gr\u00fcne Flotte Carsharing","article_modified_time":"2023-07-24T14:31:32+00:00","og_image":[{"width":1440,"height":1080,"url":"https:\/\/tender-swartz.212-227-65-86.plesk.page\/carsharing\/wp-content\/uploads\/sites\/5\/2022\/05\/gruene-flotte-image.jpg","type":"image\/jpeg"}],"twitter_card":"summary_large_image","twitter_misc":{"Gesch\u00e4tzte Lesezeit":"2\u00a0Minuten"},"schema":{"@context":"https:\/\/schema.org","@graph":[{"@type":"WebPage","@id":"https:\/\/tender-swartz.212-227-65-86.plesk.page\/carsharing\/gutschein-shop\/","url":"https:\/\/tender-swartz.212-227-65-86.plesk.page\/carsharing\/gutschein-shop\/","name":"Gutschein Shop - Gr\u00fcne Flotte Carsharing","isPartOf":{"@id":"https:\/\/tender-swartz.212-227-65-86.plesk.page\/carsharing\/#website"},"datePublished":"2022-07-15T06:02:46+00:00","dateModified":"2023-07-24T14:31:32+00:00","breadcrumb":{"@id":"https:\/\/tender-swartz.212-227-65-86.plesk.page\/carsharing\/gutschein-shop\/#breadcrumb"},"inLanguage":"de","potentialAction":[{"@type":"ReadAction","target":["https:\/\/tender-swartz.212-227-65-86.plesk.page\/carsharing\/gutschein-shop\/"]}]},{"@type":"BreadcrumbList","@id":"https:\/\/tender-swartz.212-227-65-86.plesk.page\/carsharing\/gutschein-shop\/#breadcrumb","itemListElement":[{"@type":"ListItem","position":1,"name":"Startseite","item":"https:\/\/tender-swartz.212-227-65-86.plesk.page\/carsharing\/"},{"@type":"ListItem","position":2,"name":"Gutschein Shop"}]},{"@type":"WebSite","@id":"https:\/\/tender-swartz.212-227-65-86.plesk.page\/carsharing\/#website","url":"https:\/\/tender-swartz.212-227-65-86.plesk.page\/carsharing\/","name":"Gr\u00fcne Flotte Carsharing","description":"Flexibel. Nachhaltig. Mobil.","publisher":{"@id":"https:\/\/tender-swartz.212-227-65-86.plesk.page\/carsharing\/#organization"},"potentialAction":[{"@type":"SearchAction","target":{"@type":"EntryPoint","urlTemplate":"https:\/\/tender-swartz.212-227-65-86.plesk.page\/carsharing\/?s={search_term_string}"},"query-input":{"@type":"PropertyValueSpecification","valueRequired":true,"valueName":"search_term_string"}}],"inLanguage":"de"},{"@type":"Organization","@id":"https:\/\/tender-swartz.212-227-65-86.plesk.page\/carsharing\/#organization","name":"Gr\u00fcne Flotte Carsharing","url":"https:\/\/tender-swartz.212-227-65-86.plesk.page\/carsharing\/","logo":{"@type":"ImageObject","inLanguage":"de","@id":"https:\/\/tender-swartz.212-227-65-86.plesk.page\/carsharing\/#\/schema\/logo\/image\/","url":"https:\/\/tender-swartz.212-227-65-86.plesk.page\/carsharing\/wp-content\/uploads\/sites\/5\/2023\/08\/carsharing-gruene-flotte-unternehmen-firmen.jpg","contentUrl":"https:\/\/tender-swartz.212-227-65-86.plesk.page\/carsharing\/wp-content\/uploads\/sites\/5\/2023\/08\/carsharing-gruene-flotte-unternehmen-firmen.jpg","width":1920,"height":1280,"caption":"Gr\u00fcne Flotte Carsharing"},"image":{"@id":"https:\/\/tender-swartz.212-227-65-86.plesk.page\/carsharing\/#\/schema\/logo\/image\/"}}]}},"_links":{"self":[{"href":"https:\/\/tender-swartz.212-227-65-86.plesk.page\/carsharing\/wp-json\/wp\/v2\/pages\/2510","targetHints":{"allow":["GET"]}}],"collection":[{"href":"https:\/\/tender-swartz.212-227-65-86.plesk.page\/carsharing\/wp-json\/wp\/v2\/pages"}],"about":[{"href":"https:\/\/tender-swartz.212-227-65-86.plesk.page\/carsharing\/wp-json\/wp\/v2\/types\/page"}],"author":[{"embeddable":true,"href":"https:\/\/tender-swartz.212-227-65-86.plesk.page\/carsharing\/wp-json\/wp\/v2\/users\/1"}],"replies":[{"embeddable":true,"href":"https:\/\/tender-swartz.212-227-65-86.plesk.page\/carsharing\/wp-json\/wp\/v2\/comments?post=2510"}],"version-history":[{"count":0,"href":"https:\/\/tender-swartz.212-227-65-86.plesk.page\/carsharing\/wp-json\/wp\/v2\/pages\/2510\/revisions"}],"wp:attachment":[{"href":"https:\/\/tender-swartz.212-227-65-86.plesk.page\/carsharing\/wp-json\/wp\/v2\/media?parent=2510"}],"curies":[{"name":"wp","href":"https:\/\/api.w.org\/{rel}","templated":true}]}}