{"id":31028,"date":"2024-08-26T09:50:43","date_gmt":"2024-08-26T07:50:43","guid":{"rendered":"https:\/\/tender-swartz.212-227-65-86.plesk.page\/carsharing\/?page_id=31028"},"modified":"2025-10-08T11:56:00","modified_gmt":"2025-10-08T09:56:00","slug":"fuer-unternehmen","status":"publish","type":"page","link":"https:\/\/tender-swartz.212-227-65-86.plesk.page\/carsharing\/fuer-unternehmen\/","title":{"rendered":"F\u00fcr Unternehmen"},"content":{"rendered":"<p>[et_pb_section fb_built=&#8220;1&#8243; custom_padding_last_edited=&#8220;on|phone&#8220; _builder_version=&#8220;4.23.4&#8243; _module_preset=&#8220;default&#8220; custom_margin_last_edited=&#8220;off|desktop&#8220; custom_padding=&#8220;15vh||5vh||false|false&#8220; custom_padding_tablet=&#8220;15vh||5vh||false|false&#8220; custom_padding_phone=&#8220;||0vh||false|false&#8220; global_colors_info=&#8220;{}&#8220;][et_pb_row _builder_version=&#8220;4.23.4&#8243; _module_preset=&#8220;default&#8220; width_tablet=&#8220;&#8220; width_phone=&#8220;100%&#8220; width_last_edited=&#8220;on|phone&#8220; max_width=&#8220;700px&#8220; custom_margin_tablet=&#8220;&#8220; custom_margin_phone=&#8220;||||false|false&#8220; custom_margin_last_edited=&#8220;on|phone&#8220; custom_padding=&#8220;|30px||30px|false|false&#8220; global_colors_info=&#8220;{}&#8220;][et_pb_column type=&#8220;4_4&#8243; _builder_version=&#8220;4.23.4&#8243; _module_preset=&#8220;default&#8220; global_colors_info=&#8220;{}&#8220;][et_pb_text _builder_version=&#8220;4.23.4&#8243; _module_preset=&#8220;default&#8220; text_font=&#8220;|||on|||||&#8220; text_font_size=&#8220;20px&#8220; text_letter_spacing=&#8220;2px&#8220; header_font_size=&#8220;60px&#8220; header_line_height=&#8220;1.2em&#8220; text_font_size_tablet=&#8220;20px&#8220; text_font_size_phone=&#8220;16px&#8220; text_font_size_last_edited=&#8220;on|phone&#8220; header_font_size_last_edited=&#8220;off|phone&#8220; global_colors_info=&#8220;{}&#8220;]<\/p>\n<p style=\"text-align: center;\">Die Gr\u00fcne Flotte<\/p>\n<h1 style=\"text-align: center;\">f\u00fcr Unternehmen &amp; Vereine<\/h1>\n<p>[\/et_pb_text][\/et_pb_column][\/et_pb_row][\/et_pb_section][et_pb_section fb_built=&#8220;1&#8243; custom_padding_last_edited=&#8220;on|phone&#8220; _builder_version=&#8220;4.23.4&#8243; _module_preset=&#8220;default&#8220; custom_padding=&#8220;50px||50px||false|false&#8220; custom_padding_tablet=&#8220;50px||50px||false|false&#8220; custom_padding_phone=&#8220;30px|30px|30px|30px|false|false&#8220; global_colors_info=&#8220;{}&#8220;][et_pb_row column_structure=&#8220;1_2,1_2&#8243; _builder_version=&#8220;4.23.4&#8243; _module_preset=&#8220;default&#8220; width_tablet=&#8220;&#8220; width_phone=&#8220;100%&#8220; width_last_edited=&#8220;on|phone&#8220; custom_margin=&#8220;||||false|false&#8220; custom_padding=&#8220;0px||0px||false|false&#8220; global_colors_info=&#8220;{}&#8220;][et_pb_column type=&#8220;1_2&#8243; _builder_version=&#8220;4.23.4&#8243; _module_preset=&#8220;default&#8220; background_color=&#8220;#FFFFFF&#8220; transform_translate_linked__hover=&#8220;off&#8220; animation_style=&#8220;slide&#8220; animation_direction=&#8220;bottom&#8220; animation_duration=&#8220;500ms&#8220; animation_intensity_slide=&#8220;5%&#8220; link_option_url=&#8220;\/carsharing\/b2b&#8220; border_radii=&#8220;on|10px|10px|10px|10px&#8220; box_shadow_style=&#8220;preset1&#8243; box_shadow_color=&#8220;rgba(0,0,0,0.16)&#8220; global_colors_info=&#8220;{}&#8220; transform_styles__hover_enabled=&#8220;on|hover&#8220; transform_scale__hover_enabled=&#8220;on|hover&#8220; transform_translate__hover_enabled=&#8220;on|hover&#8220; transform_rotate__hover_enabled=&#8220;on|desktop&#8220; transform_skew__hover_enabled=&#8220;on|desktop&#8220; transform_origin__hover_enabled=&#8220;on|desktop&#8220; transform_translate__hover=&#8220;0px|-10px&#8220;][et_pb_image src=&#8220;https:\/\/tender-swartz.212-227-65-86.plesk.page\/carsharing\/wp-content\/uploads\/sites\/5\/2024\/08\/carsharing-gruene-flotte-unternehmen-firmen_2.jpg&#8220; title_text=&#8220;Happy Young Friends Sitting Inside Car Enjoying Trip&#8220; _builder_version=&#8220;4.23.4&#8243; _module_preset=&#8220;default&#8220; global_colors_info=&#8220;{}&#8220;][\/et_pb_image][et_pb_text _builder_version=&#8220;4.23.4&#8243; _module_preset=&#8220;default&#8220; header_3_font=&#8220;|800|||||||&#8220; custom_margin=&#8220;30px|30px|30px|30px|false|false&#8220; global_colors_info=&#8220;{}&#8220;]<\/p>\n<h3>Carsharing f\u00fcr Unternehmen<\/h3>\n<p><span>Stellen Sie Ihren Mitarbeitern eine flexible Fahrzeugflotte zur Verf\u00fcgung \u2013 komplett auf Firmenkosten.<\/span><\/p>\n<p>[\/et_pb_text][et_pb_button button_url=&#8220;\/carsharing\/b2b&#8220; button_text=&#8220;mehr dazu&#8220; _builder_version=&#8220;4.23.4&#8243; _module_preset=&#8220;default&#8220; custom_button=&#8220;on&#8220; button_text_size=&#8220;16px&#8220; button_text_color=&#8220;#FFFFFF&#8220; button_bg_color=&#8220;#000000&#8243; button_border_width=&#8220;0px&#8220; button_border_radius=&#8220;5px&#8220; button_font=&#8220;|800||on|||||&#8220; button_icon=&#8220;&#x39;||divi||400&#8243; button_icon_placement=&#8220;left&#8220; custom_margin=&#8220;30px|30px|30px|30px|false|false&#8220; global_colors_info=&#8220;{}&#8220;][\/et_pb_button][\/et_pb_column][et_pb_column type=&#8220;1_2&#8243; _builder_version=&#8220;4.23.4&#8243; _module_preset=&#8220;default&#8220; background_color=&#8220;#FFFFFF&#8220; transform_translate_linked__hover=&#8220;off&#8220; animation_style=&#8220;slide&#8220; animation_direction=&#8220;bottom&#8220; animation_duration=&#8220;500ms&#8220; animation_intensity_slide=&#8220;5%&#8220; link_option_url=&#8220;\/auto-abo\/#business&#8220; border_radii=&#8220;on|10px|10px|10px|10px&#8220; box_shadow_style=&#8220;preset1&#8243; box_shadow_color=&#8220;rgba(0,0,0,0.16)&#8220; global_colors_info=&#8220;{}&#8220; transform_styles__hover_enabled=&#8220;on|hover&#8220; transform_scale__hover_enabled=&#8220;on|hover&#8220; transform_translate__hover_enabled=&#8220;on|hover&#8220; transform_rotate__hover_enabled=&#8220;on|desktop&#8220; transform_skew__hover_enabled=&#8220;on|desktop&#8220; transform_origin__hover_enabled=&#8220;on|desktop&#8220; transform_translate__hover=&#8220;0px|-10px&#8220;][et_pb_image src=&#8220;https:\/\/tender-swartz.212-227-65-86.plesk.page\/carsharing\/wp-content\/uploads\/sites\/5\/2024\/08\/auto-abo-gruene-flotte-business-unternehmen_2.jpg&#8220; title_text=&#8220;Side view of businesswoman driving car looking out of window. Po&#8220; _builder_version=&#8220;4.23.4&#8243; _module_preset=&#8220;default&#8220; global_colors_info=&#8220;{}&#8220;][\/et_pb_image][et_pb_text _builder_version=&#8220;4.23.4&#8243; _module_preset=&#8220;default&#8220; header_3_font=&#8220;|800|||||||&#8220; custom_margin=&#8220;30px|30px|30px|30px|false|false&#8220; global_colors_info=&#8220;{}&#8220;]<\/p>\n<h3>Auto Abo Business<\/h3>\n<p><span>Fahrzeugflotte auf Firmenkosten, inklusive Versicherung und Wartung, ohne langfristige Bindung.<\/span><\/p>\n<p>[\/et_pb_text][et_pb_button button_url=&#8220;\/auto-abo\/#business&#8220; button_text=&#8220;mehr dazu&#8220; _builder_version=&#8220;4.23.4&#8243; _module_preset=&#8220;default&#8220; custom_button=&#8220;on&#8220; button_text_size=&#8220;16px&#8220; button_text_color=&#8220;#FFFFFF&#8220; button_bg_color=&#8220;#000000&#8243; button_border_width=&#8220;0px&#8220; button_border_radius=&#8220;5px&#8220; button_font=&#8220;|800||on|||||&#8220; button_icon=&#8220;&#x39;||divi||400&#8243; button_icon_placement=&#8220;left&#8220; custom_margin=&#8220;30px|30px|30px|30px|false|false&#8220; global_colors_info=&#8220;{}&#8220;][\/et_pb_button][\/et_pb_column][\/et_pb_row][\/et_pb_section][et_pb_section fb_built=&#8220;1&#8243; custom_padding_last_edited=&#8220;on|phone&#8220; admin_label=&#8220;Footer&#8220; module_id=&#8220;kaufberatung&#8220; _builder_version=&#8220;4.23.4&#8243; _module_preset=&#8220;default&#8220; background_color=&#8220;#000000&#8243; z_index=&#8220;197&#8243; custom_padding=&#8220;13px||26px|||&#8220; custom_padding_tablet=&#8220;13px||26px|||&#8220; custom_padding_phone=&#8220;50px|30px|50px|30px|false|false&#8220; locked=&#8220;off&#8220; collapsed=&#8220;off&#8220; global_colors_info=&#8220;{}&#8220;][et_pb_row column_structure=&#8220;1_2,1_2&#8243; custom_padding_last_edited=&#8220;on|phone&#8220; _builder_version=&#8220;4.23.4&#8243; _module_preset=&#8220;default&#8220; width_tablet=&#8220;&#8220; width_phone=&#8220;100%&#8220; width_last_edited=&#8220;on|phone&#8220; custom_padding_tablet=&#8220;&#8220; custom_padding_phone=&#8220;0px||0px||false|false&#8220; border_color_all=&#8220;RGBA(255,255,255,0)&#8220; locked=&#8220;off&#8220; global_colors_info=&#8220;{}&#8220;][et_pb_column type=&#8220;1_2&#8243; _builder_version=&#8220;4.19.0&#8243; _module_preset=&#8220;default&#8220; global_colors_info=&#8220;{}&#8220;][et_pb_text _builder_version=&#8220;4.23.4&#8243; _module_preset=&#8220;default&#8220; text_font=&#8220;|||on|||||&#8220; text_text_color=&#8220;#FFFFFF&#8220; text_letter_spacing=&#8220;2px&#8220; header_2_text_color=&#8220;#FFFFFF&#8220; header_3_text_color=&#8220;#FFFFFF&#8220; global_colors_info=&#8220;{}&#8220;]<\/p>\n<h2>Ihr Ansprechpartner<\/h2>\n<p>Rund um nachhaltige und intelligente betriebliche Mobilit\u00e4t.<\/p>\n<p>[\/et_pb_text][\/et_pb_column][et_pb_column type=&#8220;1_2&#8243; _builder_version=&#8220;4.19.0&#8243; _module_preset=&#8220;default&#8220; link_option_url_new_window=&#8220;on&#8220; global_colors_info=&#8220;{}&#8220;][et_pb_blurb title=&#8220;Jonas Schmid&#8220; image=&#8220;https:\/\/tender-swartz.212-227-65-86.plesk.page\/carsharing\/wp-content\/uploads\/sites\/5\/2024\/08\/gruene-flotte-autohaus-schmid-service-team-36-300&#215;200-1.jpg&#8220; icon_placement=&#8220;left&#8220; image_icon_width=&#8220;90px&#8220; admin_label=&#8220;Informationstext&#8220; _builder_version=&#8220;4.23.4&#8243; _module_preset=&#8220;default&#8220; header_font=&#8220;|700|||||||&#8220; header_text_color=&#8220;#FFFFFF&#8220; body_text_color=&#8220;#FFFFFF&#8220; body_link_text_color=&#8220;#FFFFFF&#8220; image_icon_custom_margin=&#8220;|15px|||false|false&#8220; custom_margin=&#8220;5px||5px||false|false&#8220; animation=&#8220;off&#8220; custom_css_blurb_title=&#8220;padding-bottom:0px !important;&#8220; border_radii_image=&#8220;on|50%|50%|50%|50%&#8220; border_width_all_image=&#8220;2px&#8220; border_color_all_image=&#8220;#FFFFFF&#8220; global_colors_info=&#8220;{}&#8220;]<\/p>\n<p><a href=\"mailto:j.schmid@autohaus-schmid.de\">j.schmid@autohaus-schmid.de<\/a><br \/><a href=\"tel:07681474008-0\">07681 474 008-0<\/a><\/p>\n<p>[\/et_pb_blurb][\/et_pb_column][\/et_pb_row][\/et_pb_section]<\/p>\n","protected":false},"excerpt":{"rendered":"<p>Die Gr\u00fcne Flotte f\u00fcr Unternehmen &amp; VereineCarsharing f\u00fcr Unternehmen Stellen Sie Ihren Mitarbeitern eine flexible Fahrzeugflotte zur Verf\u00fcgung \u2013 komplett auf Firmenkosten.Auto Abo Business Fahrzeugflotte auf Firmenkosten, inklusive Versicherung und Wartung, ohne langfristige Bindung.Ihr Ansprechpartner Rund um nachhaltige und intelligente betriebliche Mobilit\u00e4t.j.schmid@autohaus-schmid.de07681 474 008-0<\/p>\n","protected":false},"author":1,"featured_media":0,"parent":0,"menu_order":0,"comment_status":"closed","ping_status":"closed","template":"","meta":{"_acf_changed":false,"_et_pb_use_builder":"on","_et_pb_old_content":"","_et_gb_content_width":"","inline_featured_image":false,"footnotes":""},"class_list":["post-31028","page","type-page","status-publish","hentry"],"acf":[],"yoast_head":"<!-- This site is optimized with the Yoast SEO plugin v26.9 - https:\/\/yoast.com\/product\/yoast-seo-wordpress\/ -->\n<title>F\u00fcr Unternehmen - Gr\u00fcne Flotte Carsharing<\/title>\n<meta name=\"robots\" content=\"index, follow, max-snippet:-1, max-image-preview:large, max-video-preview:-1\" \/>\n<link rel=\"canonical\" href=\"https:\/\/tender-swartz.212-227-65-86.plesk.page\/carsharing\/fuer-unternehmen\/\" \/>\n<meta property=\"og:locale\" content=\"de_DE\" \/>\n<meta property=\"og:type\" content=\"article\" \/>\n<meta property=\"og:title\" content=\"F\u00fcr Unternehmen - Gr\u00fcne Flotte Carsharing\" \/>\n<meta property=\"og:description\" content=\"Die Gr\u00fcne Flotte f\u00fcr Unternehmen &amp; VereineCarsharing f\u00fcr Unternehmen Stellen Sie Ihren Mitarbeitern eine flexible Fahrzeugflotte zur Verf\u00fcgung \u2013 komplett auf Firmenkosten.Auto Abo Business Fahrzeugflotte auf Firmenkosten, inklusive Versicherung und Wartung, ohne langfristige Bindung.Ihr Ansprechpartner Rund um nachhaltige und intelligente betriebliche Mobilit\u00e4t.j.schmid@autohaus-schmid.de07681 474 008-0\" \/>\n<meta property=\"og:url\" content=\"https:\/\/tender-swartz.212-227-65-86.plesk.page\/carsharing\/fuer-unternehmen\/\" \/>\n<meta property=\"og:site_name\" content=\"Gr\u00fcne Flotte Carsharing\" \/>\n<meta property=\"article:modified_time\" content=\"2025-10-08T09:56:00+00:00\" \/>\n<meta property=\"og:image\" content=\"https:\/\/tender-swartz.212-227-65-86.plesk.page\/carsharing\/wp-content\/uploads\/sites\/5\/2022\/05\/gruene-flotte-image.jpg\" \/>\n\t<meta property=\"og:image:width\" content=\"1440\" \/>\n\t<meta property=\"og:image:height\" content=\"1080\" \/>\n\t<meta property=\"og:image:type\" content=\"image\/jpeg\" \/>\n<meta name=\"twitter:card\" content=\"summary_large_image\" \/>\n<script type=\"application\/ld+json\" class=\"yoast-schema-graph\">{\"@context\":\"https:\/\/schema.org\",\"@graph\":[{\"@type\":\"WebPage\",\"@id\":\"https:\/\/tender-swartz.212-227-65-86.plesk.page\/carsharing\/fuer-unternehmen\/\",\"url\":\"https:\/\/tender-swartz.212-227-65-86.plesk.page\/carsharing\/fuer-unternehmen\/\",\"name\":\"F\u00fcr Unternehmen - Gr\u00fcne Flotte Carsharing\",\"isPartOf\":{\"@id\":\"https:\/\/tender-swartz.212-227-65-86.plesk.page\/carsharing\/#website\"},\"datePublished\":\"2024-08-26T07:50:43+00:00\",\"dateModified\":\"2025-10-08T09:56:00+00:00\",\"breadcrumb\":{\"@id\":\"https:\/\/tender-swartz.212-227-65-86.plesk.page\/carsharing\/fuer-unternehmen\/#breadcrumb\"},\"inLanguage\":\"de\",\"potentialAction\":[{\"@type\":\"ReadAction\",\"target\":[\"https:\/\/tender-swartz.212-227-65-86.plesk.page\/carsharing\/fuer-unternehmen\/\"]}]},{\"@type\":\"BreadcrumbList\",\"@id\":\"https:\/\/tender-swartz.212-227-65-86.plesk.page\/carsharing\/fuer-unternehmen\/#breadcrumb\",\"itemListElement\":[{\"@type\":\"ListItem\",\"position\":1,\"name\":\"Startseite\",\"item\":\"https:\/\/tender-swartz.212-227-65-86.plesk.page\/carsharing\/\"},{\"@type\":\"ListItem\",\"position\":2,\"name\":\"F\u00fcr Unternehmen\"}]},{\"@type\":\"WebSite\",\"@id\":\"https:\/\/tender-swartz.212-227-65-86.plesk.page\/carsharing\/#website\",\"url\":\"https:\/\/tender-swartz.212-227-65-86.plesk.page\/carsharing\/\",\"name\":\"Gr\u00fcne Flotte Carsharing\",\"description\":\"Flexibel. Nachhaltig. Mobil.\",\"publisher\":{\"@id\":\"https:\/\/tender-swartz.212-227-65-86.plesk.page\/carsharing\/#organization\"},\"potentialAction\":[{\"@type\":\"SearchAction\",\"target\":{\"@type\":\"EntryPoint\",\"urlTemplate\":\"https:\/\/tender-swartz.212-227-65-86.plesk.page\/carsharing\/?s={search_term_string}\"},\"query-input\":{\"@type\":\"PropertyValueSpecification\",\"valueRequired\":true,\"valueName\":\"search_term_string\"}}],\"inLanguage\":\"de\"},{\"@type\":\"Organization\",\"@id\":\"https:\/\/tender-swartz.212-227-65-86.plesk.page\/carsharing\/#organization\",\"name\":\"Gr\u00fcne Flotte Carsharing\",\"url\":\"https:\/\/tender-swartz.212-227-65-86.plesk.page\/carsharing\/\",\"logo\":{\"@type\":\"ImageObject\",\"inLanguage\":\"de\",\"@id\":\"https:\/\/tender-swartz.212-227-65-86.plesk.page\/carsharing\/#\/schema\/logo\/image\/\",\"url\":\"https:\/\/tender-swartz.212-227-65-86.plesk.page\/carsharing\/wp-content\/uploads\/sites\/5\/2023\/08\/carsharing-gruene-flotte-unternehmen-firmen.jpg\",\"contentUrl\":\"https:\/\/tender-swartz.212-227-65-86.plesk.page\/carsharing\/wp-content\/uploads\/sites\/5\/2023\/08\/carsharing-gruene-flotte-unternehmen-firmen.jpg\",\"width\":1920,\"height\":1280,\"caption\":\"Gr\u00fcne Flotte Carsharing\"},\"image\":{\"@id\":\"https:\/\/tender-swartz.212-227-65-86.plesk.page\/carsharing\/#\/schema\/logo\/image\/\"}}]}<\/script>\n<!-- \/ Yoast SEO plugin. -->","yoast_head_json":{"title":"F\u00fcr Unternehmen - Gr\u00fcne Flotte Carsharing","robots":{"index":"index","follow":"follow","max-snippet":"max-snippet:-1","max-image-preview":"max-image-preview:large","max-video-preview":"max-video-preview:-1"},"canonical":"https:\/\/tender-swartz.212-227-65-86.plesk.page\/carsharing\/fuer-unternehmen\/","og_locale":"de_DE","og_type":"article","og_title":"F\u00fcr Unternehmen - Gr\u00fcne Flotte Carsharing","og_description":"Die Gr\u00fcne Flotte f\u00fcr Unternehmen &amp; VereineCarsharing f\u00fcr Unternehmen Stellen Sie Ihren Mitarbeitern eine flexible Fahrzeugflotte zur Verf\u00fcgung \u2013 komplett auf Firmenkosten.Auto Abo Business Fahrzeugflotte auf Firmenkosten, inklusive Versicherung und Wartung, ohne langfristige Bindung.Ihr Ansprechpartner Rund um nachhaltige und intelligente betriebliche Mobilit\u00e4t.j.schmid@autohaus-schmid.de07681 474 008-0","og_url":"https:\/\/tender-swartz.212-227-65-86.plesk.page\/carsharing\/fuer-unternehmen\/","og_site_name":"Gr\u00fcne Flotte Carsharing","article_modified_time":"2025-10-08T09:56:00+00:00","og_image":[{"width":1440,"height":1080,"url":"https:\/\/tender-swartz.212-227-65-86.plesk.page\/carsharing\/wp-content\/uploads\/sites\/5\/2022\/05\/gruene-flotte-image.jpg","type":"image\/jpeg"}],"twitter_card":"summary_large_image","schema":{"@context":"https:\/\/schema.org","@graph":[{"@type":"WebPage","@id":"https:\/\/tender-swartz.212-227-65-86.plesk.page\/carsharing\/fuer-unternehmen\/","url":"https:\/\/tender-swartz.212-227-65-86.plesk.page\/carsharing\/fuer-unternehmen\/","name":"F\u00fcr Unternehmen - Gr\u00fcne Flotte Carsharing","isPartOf":{"@id":"https:\/\/tender-swartz.212-227-65-86.plesk.page\/carsharing\/#website"},"datePublished":"2024-08-26T07:50:43+00:00","dateModified":"2025-10-08T09:56:00+00:00","breadcrumb":{"@id":"https:\/\/tender-swartz.212-227-65-86.plesk.page\/carsharing\/fuer-unternehmen\/#breadcrumb"},"inLanguage":"de","potentialAction":[{"@type":"ReadAction","target":["https:\/\/tender-swartz.212-227-65-86.plesk.page\/carsharing\/fuer-unternehmen\/"]}]},{"@type":"BreadcrumbList","@id":"https:\/\/tender-swartz.212-227-65-86.plesk.page\/carsharing\/fuer-unternehmen\/#breadcrumb","itemListElement":[{"@type":"ListItem","position":1,"name":"Startseite","item":"https:\/\/tender-swartz.212-227-65-86.plesk.page\/carsharing\/"},{"@type":"ListItem","position":2,"name":"F\u00fcr Unternehmen"}]},{"@type":"WebSite","@id":"https:\/\/tender-swartz.212-227-65-86.plesk.page\/carsharing\/#website","url":"https:\/\/tender-swartz.212-227-65-86.plesk.page\/carsharing\/","name":"Gr\u00fcne Flotte Carsharing","description":"Flexibel. Nachhaltig. Mobil.","publisher":{"@id":"https:\/\/tender-swartz.212-227-65-86.plesk.page\/carsharing\/#organization"},"potentialAction":[{"@type":"SearchAction","target":{"@type":"EntryPoint","urlTemplate":"https:\/\/tender-swartz.212-227-65-86.plesk.page\/carsharing\/?s={search_term_string}"},"query-input":{"@type":"PropertyValueSpecification","valueRequired":true,"valueName":"search_term_string"}}],"inLanguage":"de"},{"@type":"Organization","@id":"https:\/\/tender-swartz.212-227-65-86.plesk.page\/carsharing\/#organization","name":"Gr\u00fcne Flotte Carsharing","url":"https:\/\/tender-swartz.212-227-65-86.plesk.page\/carsharing\/","logo":{"@type":"ImageObject","inLanguage":"de","@id":"https:\/\/tender-swartz.212-227-65-86.plesk.page\/carsharing\/#\/schema\/logo\/image\/","url":"https:\/\/tender-swartz.212-227-65-86.plesk.page\/carsharing\/wp-content\/uploads\/sites\/5\/2023\/08\/carsharing-gruene-flotte-unternehmen-firmen.jpg","contentUrl":"https:\/\/tender-swartz.212-227-65-86.plesk.page\/carsharing\/wp-content\/uploads\/sites\/5\/2023\/08\/carsharing-gruene-flotte-unternehmen-firmen.jpg","width":1920,"height":1280,"caption":"Gr\u00fcne Flotte Carsharing"},"image":{"@id":"https:\/\/tender-swartz.212-227-65-86.plesk.page\/carsharing\/#\/schema\/logo\/image\/"}}]}},"_links":{"self":[{"href":"https:\/\/tender-swartz.212-227-65-86.plesk.page\/carsharing\/wp-json\/wp\/v2\/pages\/31028","targetHints":{"allow":["GET"]}}],"collection":[{"href":"https:\/\/tender-swartz.212-227-65-86.plesk.page\/carsharing\/wp-json\/wp\/v2\/pages"}],"about":[{"href":"https:\/\/tender-swartz.212-227-65-86.plesk.page\/carsharing\/wp-json\/wp\/v2\/types\/page"}],"author":[{"embeddable":true,"href":"https:\/\/tender-swartz.212-227-65-86.plesk.page\/carsharing\/wp-json\/wp\/v2\/users\/1"}],"replies":[{"embeddable":true,"href":"https:\/\/tender-swartz.212-227-65-86.plesk.page\/carsharing\/wp-json\/wp\/v2\/comments?post=31028"}],"version-history":[{"count":15,"href":"https:\/\/tender-swartz.212-227-65-86.plesk.page\/carsharing\/wp-json\/wp\/v2\/pages\/31028\/revisions"}],"predecessor-version":[{"id":33150,"href":"https:\/\/tender-swartz.212-227-65-86.plesk.page\/carsharing\/wp-json\/wp\/v2\/pages\/31028\/revisions\/33150"}],"wp:attachment":[{"href":"https:\/\/tender-swartz.212-227-65-86.plesk.page\/carsharing\/wp-json\/wp\/v2\/media?parent=31028"}],"curies":[{"name":"wp","href":"https:\/\/api.w.org\/{rel}","templated":true}]}}